{"id":107,"date":"2021-10-30T10:12:11","date_gmt":"2021-10-30T10:12:11","guid":{"rendered":"https:\/\/kits.themecy.com\/memberships-3\/?page_id=107"},"modified":"2026-02-15T11:49:28","modified_gmt":"2026-02-15T10:49:28","slug":"our-clients","status":"publish","type":"page","link":"https:\/\/nigglerhof.com\/?page_id=107","title":{"rendered":"Preise"},"content":{"rendered":"\t\t<div data-elementor-type=\"wp-page\" data-elementor-id=\"107\" class=\"elementor elementor-107\">\n\t\t\t\t\t\t<section class=\"elementor-section elementor-top-section elementor-element elementor-element-f93d79e elementor-section-boxed elementor-section-height-default elementor-section-height-default\" data-id=\"f93d79e\" data-element_type=\"section\" data-e-type=\"section\">\n\t\t\t\t\t\t\t<div class=\"elementor-background-overlay\"><\/div>\n\t\t\t\t\t\t\t<div class=\"elementor-container elementor-column-gap-default\">\n\t\t\t\t\t<div class=\"elementor-column elementor-col-100 elementor-top-column elementor-element elementor-element-1ca20de\" data-id=\"1ca20de\" data-element_type=\"column\" data-e-type=\"column\">\n\t\t\t<div class=\"elementor-widget-wrap elementor-element-populated\">\n\t\t\t\t\t\t<section class=\"elementor-section elementor-inner-section elementor-element elementor-element-e46662e elementor-section-boxed elementor-section-height-default elementor-section-height-default\" data-id=\"e46662e\" data-element_type=\"section\" data-e-type=\"section\">\n\t\t\t\t\t\t<div class=\"elementor-container elementor-column-gap-default\">\n\t\t\t\t\t<div class=\"elementor-column elementor-col-100 elementor-inner-column elementor-element elementor-element-e3bdd51\" data-id=\"e3bdd51\" data-element_type=\"column\" data-e-type=\"column\">\n\t\t\t<div class=\"elementor-widget-wrap elementor-element-populated\">\n\t\t\t\t\t\t<div class=\"elementor-element elementor-element-fa60ecf elementor-widget elementor-widget-heading\" data-id=\"fa60ecf\" data-element_type=\"widget\" data-e-type=\"widget\" data-widget_type=\"heading.default\">\n\t\t\t\t\t<h2 class=\"elementor-heading-title elementor-size-default\">Unsere Preise\n<\/h2>\t\t\t\t<\/div>\n\t\t\t\t\t<\/div>\n\t\t<\/div>\n\t\t\t\t\t<\/div>\n\t\t<\/section>\n\t\t\t\t\t<\/div>\n\t\t<\/div>\n\t\t\t\t\t<\/div>\n\t\t<\/section>\n\t\t\t\t<section class=\"elementor-section elementor-top-section elementor-element elementor-element-6520ccd elementor-section-boxed elementor-section-height-default elementor-section-height-default\" data-id=\"6520ccd\" data-element_type=\"section\" data-e-type=\"section\">\n\t\t\t\t\t\t\t<div class=\"elementor-background-overlay\"><\/div>\n\t\t\t\t\t\t\t<div class=\"elementor-container elementor-column-gap-default\">\n\t\t\t\t\t<div class=\"elementor-column elementor-col-100 elementor-top-column elementor-element elementor-element-43fb1a2\" data-id=\"43fb1a2\" data-element_type=\"column\" data-e-type=\"column\">\n\t\t\t<div class=\"elementor-widget-wrap elementor-element-populated\">\n\t\t\t\t\t\t<div class=\"elementor-element elementor-element-17d01ef elementor-widget elementor-widget-text-editor\" data-id=\"17d01ef\" data-element_type=\"widget\" data-e-type=\"widget\" data-widget_type=\"text-editor.default\">\n\t\t\t\t\t\t\t\t\t<h5><strong>SOMMER 2026<\/strong><\/h5><p><strong>Zimmer (Doppel- bis Dreibettzimmer)<br \/>mit Dusche &amp; WC pro Person inkl. Fr\u00fchst\u00fcck<\/strong><\/p><p>(Fr\u00fchst\u00fcck mit gro\u00dfteils hauseigenen Produkten): \u00a0\u20ac 45,- pro Person<br \/>Kinder bis 6 Jahre im Zimmer der Eltern: &#8211; 50%<\/p><p>Kurzaufenthalt bis 3 \u00dcbernachtungen: + \u20ac 5,- pro Person u. Tag<\/p><p>Einzelzimmerzuschlag: + \u20ac 10,- pro Person u. Tag<\/p><p>inklusive: Parkplatz, Bettw\u00e4sche u. Handt\u00fccher, Strom<\/p><p>Preise exkl. \u20ac 2,60 Kurtaxe pro Person pro Nacht<\/p><p>Haustiere nur auf Anfrage!<\/p><p><strong>Ferienwohnung f\u00fcr 2 &#8211; 4 Personen mit Balkon:<\/strong><\/p><p>(ohne Fr\u00fchst\u00fcck): \u20ac 95,- f\u00fcr 2 Personen<br \/>Endreinigung einmalig \u20ac 30,-<\/p><p>inklusive: Parkplatz, Bettw\u00e4sche u. Handt\u00fccher, Strom<\/p><p>Anreise: ab 14:00 Uhr<br \/>Abreise: bis 10:00 Uhr<\/p><p><strong>Preise exkl. Kurtaxe \u20ac 2,60 pro Person pro Nacht<\/strong><\/p><p><strong>Haustiere nur auf Anfrage!\u00a0\u00a0<\/strong><\/p><h5><strong>WINTER 2026\/27<\/strong><\/h5><p><strong>Zimmer (Doppel- bis Dreibettzimmer)<br \/>mit Dusche &amp; WC pro Person inkl. Fr\u00fchst\u00fcck<\/strong><\/p><p>(Fr\u00fchst\u00fcck mit gro\u00dfteils hauseigenen Produkten): \u20ac 46,- pro Person<\/p><p>Kinder bis 6 Jahre im Zimmer der Eltern: &#8211; 50%<\/p><p>Kurzaufenthalt bis 3 \u00dcbernachtungen: + \u20ac 5,- pro Person u. Tag<br \/>Einzelzimmerzuschlag: + \u20ac 10,- pro Person u. Tag<\/p><p>inklusive: Parkplatz, Bettw\u00e4sche u. Handt\u00fccher, Strom<\/p><p>Preise exkl. Kurtaxe \u20ac 2,60 pro Person pro Nacht<br \/>Haustiere nur auf Anfrage!\u00a0<\/p><p><strong>Ferienwohnung f\u00fcr 2 &#8211; 4 Personen mit Balkon:<\/strong><\/p><p>(ohne Fr\u00fchst\u00fcck): \u20ac 100,- f\u00fcr 2 Personen<br \/>Endreinigung einmalig \u20ac 30,-<\/p><p>inklusive: Parkplatz, Bettw\u00e4sche u. Handt\u00fccher, Strom<\/p><p>Anreise: ab 14:00 Uhr<br \/>Abreise: bis 10:00 Uhr<\/p><p><strong>Preise exkl. Kurtaxe \u20ac 2,60 pro Person pro Nacht<\/strong><\/p><p><strong>Haustiere nur auf Anfrage!\u00a0<\/strong><\/p>\t\t\t\t\t\t\t\t<\/div>\n\t\t\t\t\t<\/div>\n\t\t<\/div>\n\t\t\t\t\t<\/div>\n\t\t<\/section>\n\t\t\t\t<\/div>\n\t\t","protected":false},"excerpt":{"rendered":"<p>Unsere Preise SOMMER 2026 Zimmer (Doppel- bis Dreibettzimmer)mit Dusche &amp; WC pro Person inkl. Fr\u00fchst\u00fcck (Fr\u00fchst\u00fcck mit gro\u00dfteils hauseigenen Produkten): \u00a0\u20ac 45,- pro PersonKinder bis 6 Jahre im Zimmer der Eltern: &#8211; 50% Kurzaufenthalt bis 3 \u00dcbernachtungen: + \u20ac 5,- pro Person u. Tag Einzelzimmerzuschlag: + \u20ac 10,- pro Person u. Tag inklusive: Parkplatz, Bettw\u00e4sche&#8230;<\/p>\n","protected":false},"author":1,"featured_media":0,"parent":0,"menu_order":0,"comment_status":"closed","ping_status":"closed","template":"","meta":{"_kadence_starter_templates_imported_post":true,"_kad_post_transparent":"","_kad_post_title":"hide","_kad_post_layout":"fullwidth","_kad_post_sidebar_id":"","_kad_post_content_style":"unboxed","_kad_post_vertical_padding":"hide","_kad_post_feature":"hide","_kad_post_feature_position":"","_kad_post_header":false,"_kad_post_footer":false,"_kad_post_classname":"","footnotes":""},"class_list":["post-107","page","type-page","status-publish","hentry"],"_links":{"self":[{"href":"https:\/\/nigglerhof.com\/index.php?rest_route=\/wp\/v2\/pages\/107","targetHints":{"allow":["GET"]}}],"collection":[{"href":"https:\/\/nigglerhof.com\/index.php?rest_route=\/wp\/v2\/pages"}],"about":[{"href":"https:\/\/nigglerhof.com\/index.php?rest_route=\/wp\/v2\/types\/page"}],"author":[{"embeddable":true,"href":"https:\/\/nigglerhof.com\/index.php?rest_route=\/wp\/v2\/users\/1"}],"replies":[{"embeddable":true,"href":"https:\/\/nigglerhof.com\/index.php?rest_route=%2Fwp%2Fv2%2Fcomments&post=107"}],"version-history":[{"count":9,"href":"https:\/\/nigglerhof.com\/index.php?rest_route=\/wp\/v2\/pages\/107\/revisions"}],"predecessor-version":[{"id":940,"href":"https:\/\/nigglerhof.com\/index.php?rest_route=\/wp\/v2\/pages\/107\/revisions\/940"}],"wp:attachment":[{"href":"https:\/\/nigglerhof.com\/index.php?rest_route=%2Fwp%2Fv2%2Fmedia&parent=107"}],"curies":[{"name":"wp","href":"https:\/\/api.w.org\/{rel}","templated":true}]}}