{"id":340,"date":"2021-09-07T10:50:28","date_gmt":"2021-09-07T10:50:28","guid":{"rendered":"https:\/\/kits.themecy.com\/memberships-3\/?page_id=5"},"modified":"2026-02-27T10:11:56","modified_gmt":"2026-02-27T09:11:56","slug":"home","status":"publish","type":"page","link":"https:\/\/nigglerhof.com\/","title":{"rendered":"Home"},"content":{"rendered":"\t\t<div data-elementor-type=\"wp-page\" data-elementor-id=\"340\" class=\"elementor elementor-340\">\n\t\t\t\t\t\t<section class=\"elementor-section elementor-top-section elementor-element elementor-element-3e3fd17 elementor-section-boxed elementor-section-height-default elementor-section-height-default\" data-id=\"3e3fd17\" data-element_type=\"section\" data-e-type=\"section\">\n\t\t\t\t\t\t\t<div class=\"elementor-background-overlay\"><\/div>\n\t\t\t\t\t\t\t<div class=\"elementor-container elementor-column-gap-default\">\n\t\t\t\t\t<div class=\"elementor-column elementor-col-50 elementor-top-column elementor-element elementor-element-b479e04\" data-id=\"b479e04\" data-element_type=\"column\" data-e-type=\"column\">\n\t\t\t<div class=\"elementor-widget-wrap elementor-element-populated\">\n\t\t\t\t\t\t<section class=\"elementor-section elementor-inner-section elementor-element elementor-element-abe5370 elementor-section-content-middle elementor-section-boxed elementor-section-height-default elementor-section-height-default\" data-id=\"abe5370\" data-element_type=\"section\" data-e-type=\"section\">\n\t\t\t\t\t\t<div class=\"elementor-container elementor-column-gap-default\">\n\t\t\t\t\t<div class=\"elementor-column elementor-col-50 elementor-inner-column elementor-element elementor-element-3e77656\" data-id=\"3e77656\" data-element_type=\"column\" data-e-type=\"column\">\n\t\t\t<div class=\"elementor-widget-wrap elementor-element-populated\">\n\t\t\t\t\t\t\t<\/div>\n\t\t<\/div>\n\t\t\t\t<div class=\"elementor-column elementor-col-50 elementor-inner-column elementor-element elementor-element-2fcdcd7\" data-id=\"2fcdcd7\" data-element_type=\"column\" data-e-type=\"column\">\n\t\t\t<div class=\"elementor-widget-wrap elementor-element-populated\">\n\t\t\t\t\t\t<div class=\"elementor-element elementor-element-0b3b2f1 elementor-widget__width-initial elementor-widget elementor-widget-heading\" data-id=\"0b3b2f1\" data-element_type=\"widget\" data-e-type=\"widget\" data-widget_type=\"heading.default\">\n\t\t\t\t\t<div class=\"elementor-heading-title elementor-size-default\">Privatzimmer und Ferienwohnung\nRupert &amp; Rosi Schnell<\/div>\t\t\t\t<\/div>\n\t\t\t\t\t<\/div>\n\t\t<\/div>\n\t\t\t\t\t<\/div>\n\t\t<\/section>\n\t\t\t\t<div class=\"elementor-element elementor-element-f9c5fee elementor-widget elementor-widget-heading\" data-id=\"f9c5fee\" data-element_type=\"widget\" data-e-type=\"widget\" data-widget_type=\"heading.default\">\n\t\t\t\t\t<h1 class=\"elementor-heading-title elementor-size-default\">Herzlich willkommen am Nigglerhof!<\/h1>\t\t\t\t<\/div>\n\t\t\t\t<div class=\"elementor-element elementor-element-658fa45 elementor-widget elementor-widget-text-editor\" data-id=\"658fa45\" data-element_type=\"widget\" data-e-type=\"widget\" data-widget_type=\"text-editor.default\">\n\t\t\t\t\t\t\t\t\t<p>Genie\u00dfen Sie Ihren Urlaub in unserem Haus in ruhiger, sonniger und zentrumsnaher Lage in Kals am Gro\u00dfglockner!<\/p>\n<p>Wir bieten unseren G\u00e4sten eine familienfreundliche Atmosph\u00e4re, herrliche Aussicht auf die umliegende Bergwelt sowie erweitertes Fr\u00fchst\u00fcck mit hauseigenen Produkten.<\/p>\n<p>Der Nigglerhof ist direkter Ausgangspunkt f\u00fcr viele sch\u00f6ne Wanderungen.<\/p>\t\t\t\t\t\t\t\t<\/div>\n\t\t\t\t<div class=\"elementor-element elementor-element-9d63940 elementor-tablet-align-center elementor-widget elementor-widget-button\" data-id=\"9d63940\" data-element_type=\"widget\" data-e-type=\"widget\" data-widget_type=\"button.default\">\n\t\t\t\t\t\t\t\t\t\t<a class=\"elementor-button elementor-button-link elementor-size-sm\" href=\"https:\/\/www.booking.com\/hotel\/at\/nigglerhof-kals-am-grossglockner.de.html?aid=318615&#038;label=New_German_DE_AT_20153738185-vsmaKGVqF_77BALR9yul1QS640874828335%3Apl%3Ata%3Ap1%3Ap2%3Aac%3Aap%3Aneg&#038;sid=592d828d2b026ee16adf867b69531a61&#038;dest_id=6011101&#038;dest_type=city&#038;dist=0&#038;group_adults=2&#038;group_children=0&#038;hapos=1&#038;hpos=1&#038;no_rooms=1&#038;req_adults=2&#038;req_children=0&#038;room1=A%2CA&#038;sb_price_type=total&#038;sr_order=popularity&#038;srepoch=1769551738&#038;srpvid=3814e94befda851bf4d60a466347e6f0&#038;type=total&#038;ucfs=1&#038;\" target=\"_blank\">\n\t\t\t\t\t\t<span class=\"elementor-button-content-wrapper\">\n\t\t\t\t\t\t\t\t\t<span class=\"elementor-button-text\">Online buchen auf Booking.com<\/span>\n\t\t\t\t\t<\/span>\n\t\t\t\t\t<\/a>\n\t\t\t\t\t\t\t\t<\/div>\n\t\t\t\t\t<\/div>\n\t\t<\/div>\n\t\t\t\t<div class=\"elementor-column elementor-col-50 elementor-top-column elementor-element elementor-element-9b98a2c\" data-id=\"9b98a2c\" data-element_type=\"column\" data-e-type=\"column\">\n\t\t\t<div class=\"elementor-widget-wrap elementor-element-populated\">\n\t\t\t\t\t\t<div class=\"elementor-element elementor-element-3bcd287 elementor-widget elementor-widget-image\" data-id=\"3bcd287\" data-element_type=\"widget\" data-e-type=\"widget\" data-widget_type=\"image.default\">\n\t\t\t\t\t\t\t\t\t\t\t\t\t\t\t<img fetchpriority=\"high\" decoding=\"async\" width=\"667\" height=\"500\" src=\"https:\/\/nigglerhof.com\/wordpress\/wp-content\/uploads\/2026\/01\/aussenansicht-winter.jpg\" class=\"attachment-large size-large wp-image-729\" alt=\"\" srcset=\"https:\/\/nigglerhof.com\/wordpress\/wp-content\/uploads\/2026\/01\/aussenansicht-winter.jpg 667w, https:\/\/nigglerhof.com\/wordpress\/wp-content\/uploads\/2026\/01\/aussenansicht-winter-300x225.jpg 300w\" sizes=\"(max-width: 667px) 100vw, 667px\" \/>\t\t\t\t\t\t\t\t\t\t\t\t\t\t\t<\/div>\n\t\t\t\t<div class=\"elementor-element elementor-element-52bbc79 elementor-widget__width-initial elementor-widget elementor-widget-image\" data-id=\"52bbc79\" data-element_type=\"widget\" data-e-type=\"widget\" data-widget_type=\"image.default\">\n\t\t\t\t\t\t\t\t\t\t\t\t\t\t\t<img decoding=\"async\" width=\"1024\" height=\"768\" src=\"https:\/\/nigglerhof.com\/wordpress\/wp-content\/uploads\/2026\/01\/IMG_0558-1024x768.jpg\" class=\"attachment-large size-large wp-image-21\" alt=\"\" srcset=\"https:\/\/nigglerhof.com\/wordpress\/wp-content\/uploads\/2026\/01\/IMG_0558-1024x768.jpg 1024w, https:\/\/nigglerhof.com\/wordpress\/wp-content\/uploads\/2026\/01\/IMG_0558-300x225.jpg 300w, https:\/\/nigglerhof.com\/wordpress\/wp-content\/uploads\/2026\/01\/IMG_0558-768x576.jpg 768w, https:\/\/nigglerhof.com\/wordpress\/wp-content\/uploads\/2026\/01\/IMG_0558-1536x1152.jpg 1536w, https:\/\/nigglerhof.com\/wordpress\/wp-content\/uploads\/2026\/01\/IMG_0558.jpg 1600w\" sizes=\"(max-width: 1024px) 100vw, 1024px\" \/>\t\t\t\t\t\t\t\t\t\t\t\t\t\t\t<\/div>\n\t\t\t\t\t<\/div>\n\t\t<\/div>\n\t\t\t\t\t<\/div>\n\t\t<\/section>\n\t\t\t\t<section class=\"elementor-section elementor-top-section elementor-element elementor-element-c6cb373 elementor-section-content-middle elementor-section-boxed elementor-section-height-default elementor-section-height-default\" data-id=\"c6cb373\" data-element_type=\"section\" data-e-type=\"section\">\n\t\t\t\t\t\t<div class=\"elementor-container elementor-column-gap-default\">\n\t\t\t\t\t<div class=\"elementor-column elementor-col-25 elementor-top-column elementor-element elementor-element-5e55795\" data-id=\"5e55795\" data-element_type=\"column\" data-e-type=\"column\" data-settings=\"{&quot;background_background&quot;:&quot;gradient&quot;}\">\n\t\t\t<div class=\"elementor-widget-wrap elementor-element-populated\">\n\t\t\t\t\t\t<div class=\"elementor-element elementor-element-881a1e2 elementor-widget elementor-widget-heading\" data-id=\"881a1e2\" data-element_type=\"widget\" data-e-type=\"widget\" data-widget_type=\"heading.default\">\n\t\t\t\t\t<div class=\"elementor-heading-title elementor-size-default\">Gem\u00fctliche Zimmer und Ferienwohnung<\/div>\t\t\t\t<\/div>\n\t\t\t\t<div class=\"elementor-element elementor-element-280b21f elementor-widget elementor-widget-heading\" data-id=\"280b21f\" data-element_type=\"widget\" data-e-type=\"widget\" data-widget_type=\"heading.default\">\n\t\t\t\t\t<div class=\"elementor-heading-title elementor-size-default\">mit Bergblick<\/div>\t\t\t\t<\/div>\n\t\t\t\t\t<\/div>\n\t\t<\/div>\n\t\t\t\t<div class=\"elementor-column elementor-col-25 elementor-top-column elementor-element elementor-element-7ac04db\" data-id=\"7ac04db\" data-element_type=\"column\" data-e-type=\"column\">\n\t\t\t<div class=\"elementor-widget-wrap elementor-element-populated\">\n\t\t\t\t\t\t<div class=\"elementor-element elementor-element-a1804fe elementor-widget elementor-widget-heading\" data-id=\"a1804fe\" data-element_type=\"widget\" data-e-type=\"widget\" data-widget_type=\"heading.default\">\n\t\t\t\t\t<div class=\"elementor-heading-title elementor-size-default\">Ideal f\u00fcr Familien<\/div>\t\t\t\t<\/div>\n\t\t\t\t<div class=\"elementor-element elementor-element-4d3cf0d elementor-widget elementor-widget-heading\" data-id=\"4d3cf0d\" data-element_type=\"widget\" data-e-type=\"widget\" data-widget_type=\"heading.default\">\n\t\t\t\t\t<div class=\"elementor-heading-title elementor-size-default\">&amp; Ruhe-Suchende<\/div>\t\t\t\t<\/div>\n\t\t\t\t\t<\/div>\n\t\t<\/div>\n\t\t\t\t<div class=\"elementor-column elementor-col-25 elementor-top-column elementor-element elementor-element-85c1428\" data-id=\"85c1428\" data-element_type=\"column\" data-e-type=\"column\">\n\t\t\t<div class=\"elementor-widget-wrap elementor-element-populated\">\n\t\t\t\t\t\t<div class=\"elementor-element elementor-element-5030613 elementor-widget elementor-widget-heading\" data-id=\"5030613\" data-element_type=\"widget\" data-e-type=\"widget\" data-widget_type=\"heading.default\">\n\t\t\t\t\t<div class=\"elementor-heading-title elementor-size-default\">Historisches Bauernhaus<\/div>\t\t\t\t<\/div>\n\t\t\t\t<div class=\"elementor-element elementor-element-95762e8 elementor-widget elementor-widget-heading\" data-id=\"95762e8\" data-element_type=\"widget\" data-e-type=\"widget\" data-widget_type=\"heading.default\">\n\t\t\t\t\t<div class=\"elementor-heading-title elementor-size-default\">mit traditionellem Charme<\/div>\t\t\t\t<\/div>\n\t\t\t\t\t<\/div>\n\t\t<\/div>\n\t\t\t\t<div class=\"elementor-column elementor-col-25 elementor-top-column elementor-element elementor-element-1d9df5b\" data-id=\"1d9df5b\" data-element_type=\"column\" data-e-type=\"column\">\n\t\t\t<div class=\"elementor-widget-wrap elementor-element-populated\">\n\t\t\t\t\t\t<div class=\"elementor-element elementor-element-9f8b0e2 elementor-widget elementor-widget-heading\" data-id=\"9f8b0e2\" data-element_type=\"widget\" data-e-type=\"widget\" data-widget_type=\"heading.default\">\n\t\t\t\t\t<div class=\"elementor-heading-title elementor-size-default\">Hausgemachtes Fr\u00fchst\u00fcck<\/div>\t\t\t\t<\/div>\n\t\t\t\t<div class=\"elementor-element elementor-element-b5e3fe6 elementor-widget elementor-widget-heading\" data-id=\"b5e3fe6\" data-element_type=\"widget\" data-e-type=\"widget\" data-widget_type=\"heading.default\">\n\t\t\t\t\t<div class=\"elementor-heading-title elementor-size-default\">mit Produkten vom Hof<\/div>\t\t\t\t<\/div>\n\t\t\t\t\t<\/div>\n\t\t<\/div>\n\t\t\t\t\t<\/div>\n\t\t<\/section>\n\t\t\t\t<section class=\"elementor-section elementor-top-section elementor-element elementor-element-423b125 elementor-section-boxed elementor-section-height-default elementor-section-height-default\" data-id=\"423b125\" data-element_type=\"section\" data-e-type=\"section\">\n\t\t\t\t\t\t\t<div class=\"elementor-background-overlay\"><\/div>\n\t\t\t\t\t\t\t<div class=\"elementor-container elementor-column-gap-default\">\n\t\t\t\t\t<div class=\"elementor-column elementor-col-50 elementor-top-column elementor-element elementor-element-ec44a3c\" data-id=\"ec44a3c\" data-element_type=\"column\" data-e-type=\"column\">\n\t\t\t<div class=\"elementor-widget-wrap elementor-element-populated\">\n\t\t\t\t\t\t<div class=\"elementor-element elementor-element-9877d39 elementor-widget elementor-widget-image\" data-id=\"9877d39\" data-element_type=\"widget\" data-e-type=\"widget\" data-widget_type=\"image.default\">\n\t\t\t\t\t\t\t\t\t\t\t\t\t\t\t<img decoding=\"async\" width=\"1024\" height=\"576\" src=\"https:\/\/nigglerhof.com\/wordpress\/wp-content\/uploads\/2026\/01\/hof-aussenansicht1.jpg-1024x576.jpg\" class=\"attachment-large size-large wp-image-12\" alt=\"\" srcset=\"https:\/\/nigglerhof.com\/wordpress\/wp-content\/uploads\/2026\/01\/hof-aussenansicht1.jpg-1024x576.jpg 1024w, https:\/\/nigglerhof.com\/wordpress\/wp-content\/uploads\/2026\/01\/hof-aussenansicht1.jpg-300x169.jpg 300w, https:\/\/nigglerhof.com\/wordpress\/wp-content\/uploads\/2026\/01\/hof-aussenansicht1.jpg-768x432.jpg 768w, https:\/\/nigglerhof.com\/wordpress\/wp-content\/uploads\/2026\/01\/hof-aussenansicht1.jpg-1536x864.jpg 1536w, https:\/\/nigglerhof.com\/wordpress\/wp-content\/uploads\/2026\/01\/hof-aussenansicht1.jpg-2048x1152.jpg 2048w\" sizes=\"(max-width: 1024px) 100vw, 1024px\" \/>\t\t\t\t\t\t\t\t\t\t\t\t\t\t\t<\/div>\n\t\t\t\t<div class=\"elementor-element elementor-element-6bd4c57 elementor-widget__width-initial elementor-absolute elementor-hidden-tablet elementor-hidden-mobile elementor-widget elementor-widget-image\" data-id=\"6bd4c57\" data-element_type=\"widget\" data-e-type=\"widget\" data-settings=\"{&quot;_position&quot;:&quot;absolute&quot;}\" data-widget_type=\"image.default\">\n\t\t\t\t\t\t\t\t\t\t\t\t\t\t\t<img loading=\"lazy\" decoding=\"async\" width=\"400\" height=\"400\" src=\"https:\/\/nigglerhof.com\/wordpress\/wp-content\/uploads\/2021\/11\/dots-33.png\" class=\"attachment-large size-large wp-image-206\" alt=\"\" srcset=\"https:\/\/nigglerhof.com\/wordpress\/wp-content\/uploads\/2021\/11\/dots-33.png 400w, https:\/\/nigglerhof.com\/wordpress\/wp-content\/uploads\/2021\/11\/dots-33-300x300.png 300w, https:\/\/nigglerhof.com\/wordpress\/wp-content\/uploads\/2021\/11\/dots-33-150x150.png 150w\" sizes=\"(max-width: 400px) 100vw, 400px\" \/>\t\t\t\t\t\t\t\t\t\t\t\t\t\t\t<\/div>\n\t\t\t\t\t<\/div>\n\t\t<\/div>\n\t\t\t\t<div class=\"elementor-column elementor-col-50 elementor-top-column elementor-element elementor-element-019d834\" data-id=\"019d834\" data-element_type=\"column\" data-e-type=\"column\">\n\t\t\t<div class=\"elementor-widget-wrap elementor-element-populated\">\n\t\t\t\t\t\t<div class=\"elementor-element elementor-element-9281f40 elementor-widget elementor-widget-heading\" data-id=\"9281f40\" data-element_type=\"widget\" data-e-type=\"widget\" data-widget_type=\"heading.default\">\n\t\t\t\t\t<div class=\"elementor-heading-title elementor-size-default\">Der Nigglerhof<\/div>\t\t\t\t<\/div>\n\t\t\t\t<div class=\"elementor-element elementor-element-9fc3151 elementor-widget elementor-widget-text-editor\" data-id=\"9fc3151\" data-element_type=\"widget\" data-e-type=\"widget\" data-widget_type=\"text-editor.default\">\n\t\t\t\t\t\t\t\t\t<p>Unser im 16. Jahrhundert erbautes Bauernhaus liegt auf ca. 1.360 m Seeh\u00f6he, nur wenige Gehminuten vom Zentrum entfernt, in besonders ruhiger und sonniger Lage.<\/p>\n<p>Als Familienbetrieb mit Tradition bieten wir Ihnen Erholung pur inmitten herrlicher Natur- und Kulturlandschaft.<\/p>\n<p>Wir freuen uns schon auf Sie!<\/p>\n<p>Ihre Familie Schnell<\/p>\t\t\t\t\t\t\t\t<\/div>\n\t\t\t\t\t<\/div>\n\t\t<\/div>\n\t\t\t\t\t<\/div>\n\t\t<\/section>\n\t\t\t\t<\/div>\n\t\t","protected":false},"excerpt":{"rendered":"<p>Privatzimmer und Ferienwohnung Rupert &amp; Rosi Schnell Herzlich willkommen am Nigglerhof! Genie\u00dfen Sie Ihren Urlaub in unserem Haus in ruhiger, sonniger und zentrumsnaher Lage in Kals am Gro\u00dfglockner! Wir bieten unseren G\u00e4sten eine familienfreundliche Atmosph\u00e4re, herrliche Aussicht auf die umliegende Bergwelt sowie erweitertes Fr\u00fchst\u00fcck mit hauseigenen Produkten. Der Nigglerhof ist direkter Ausgangspunkt f\u00fcr viele sch\u00f6ne&#8230;<\/p>\n","protected":false},"author":1,"featured_media":0,"parent":0,"menu_order":0,"comment_status":"closed","ping_status":"closed","template":"","meta":{"_kadence_starter_templates_imported_post":true,"_kad_post_transparent":"","_kad_post_title":"hide","_kad_post_layout":"fullwidth","_kad_post_sidebar_id":"","_kad_post_content_style":"unboxed","_kad_post_vertical_padding":"hide","_kad_post_feature":"hide","_kad_post_feature_position":"","_kad_post_header":false,"_kad_post_footer":false,"_kad_post_classname":"","footnotes":""},"class_list":["post-340","page","type-page","status-publish","hentry"],"_links":{"self":[{"href":"https:\/\/nigglerhof.com\/index.php?rest_route=\/wp\/v2\/pages\/340","targetHints":{"allow":["GET"]}}],"collection":[{"href":"https:\/\/nigglerhof.com\/index.php?rest_route=\/wp\/v2\/pages"}],"about":[{"href":"https:\/\/nigglerhof.com\/index.php?rest_route=\/wp\/v2\/types\/page"}],"author":[{"embeddable":true,"href":"https:\/\/nigglerhof.com\/index.php?rest_route=\/wp\/v2\/users\/1"}],"replies":[{"embeddable":true,"href":"https:\/\/nigglerhof.com\/index.php?rest_route=%2Fwp%2Fv2%2Fcomments&post=340"}],"version-history":[{"count":22,"href":"https:\/\/nigglerhof.com\/index.php?rest_route=\/wp\/v2\/pages\/340\/revisions"}],"predecessor-version":[{"id":974,"href":"https:\/\/nigglerhof.com\/index.php?rest_route=\/wp\/v2\/pages\/340\/revisions\/974"}],"wp:attachment":[{"href":"https:\/\/nigglerhof.com\/index.php?rest_route=%2Fwp%2Fv2%2Fmedia&parent=340"}],"curies":[{"name":"wp","href":"https:\/\/api.w.org\/{rel}","templated":true}]}}