{"id":738,"date":"2026-01-24T21:24:05","date_gmt":"2026-01-24T20:24:05","guid":{"rendered":"https:\/\/nigglerhof.com\/wordpress\/?page_id=738"},"modified":"2026-01-27T21:20:51","modified_gmt":"2026-01-27T20:20:51","slug":"anreise","status":"publish","type":"page","link":"https:\/\/nigglerhof.com\/?page_id=738","title":{"rendered":"Anreise"},"content":{"rendered":"\t\t<div data-elementor-type=\"wp-page\" data-elementor-id=\"738\" class=\"elementor elementor-738\">\n\t\t\t\t<div class=\"elementor-element elementor-element-fb4e0ec e-flex e-con-boxed e-con e-parent\" data-id=\"fb4e0ec\" data-element_type=\"container\" data-e-type=\"container\">\n\t\t\t\t\t<div class=\"e-con-inner\">\n\t\t\t\t<div class=\"elementor-element elementor-element-5984bcb7 elementor-widget elementor-widget-text-editor\" data-id=\"5984bcb7\" data-element_type=\"widget\" data-e-type=\"widget\" data-widget_type=\"text-editor.default\">\n\t\t\t\t\t\t\t\t\t\n<h3><strong>So finden Sie uns!<\/strong><\/h3>\n<p>\u00a0<\/p>\n\n<p><strong>Anreise<\/strong> <strong>aus Deutschland:<\/strong>\u00a0M\u00fcnchen-Kufstein-St.Johann\/Tirol-Kitzb\u00fchel-Pass Thurn-Felbertauernstra\u00dfe-Matrei in Osttirol-Huben-Abzweigung nach Kals am Gro\u00dfglockner (M\u00fcnchen &#8211; Kals: ca. 220 km)<\/p>\n\n<p><strong>Anreise aus \u00d6sterreich:<\/strong>\u00a0Wien-Salzburg-Zell am See-Felbertauernstra\u00dfe oder: Innsbruck-W\u00f6rgl-St.Johann i.T.-Kitzb\u00fchel-Pass Thurn- Mittersill-Felbertauernstra\u00dfe-Matrei i.O.-Huben-Kals am Gro\u00dfglockner\u00a0<br \/>\u00a0oder: K\u00e4rnten-Lienz-Huben-Kals (Lienz &#8211; Kals: ca. 35 km)<\/p>\n<p>\u00a0<\/p>\n\n<blockquote class=\"wp-block-quote is-layout-flow wp-block-quote-is-layout-flow\">\n<p><strong>direkt neben unserem Hof steht Ihnen ein \u00f6ffentlicher Parkplatz zur Verf\u00fcgung. Sie k\u00f6nnen bequem und sicher Ihr Auto abstellen -so starten Sie stressfrei in Ihren Urlaub bei uns.<\/strong><\/p>\n<\/blockquote>\n\n<p>\u00a0<\/p>\n\t\t\t\t\t\t\t\t<\/div>\n\t\t\t\t<div class=\"elementor-element elementor-element-2199bb3 elementor-widget elementor-widget-text-editor\" data-id=\"2199bb3\" data-element_type=\"widget\" data-e-type=\"widget\" data-widget_type=\"text-editor.default\">\n\t\t\t\t\t\t\t\t\t<h6><strong>Mit den \u00f6ffentlichen Verkehrmitteln: Der n\u00e4chste Bahnhof befindet sich in Lienz. (ca. 35 km entfernt)<\/strong><br \/><strong>Von dort k\u00f6nnen Sie mit dem Bus oder Taxi direkt nach Kals in die Ortschaft fahren. Die Bushaltestelle ist vom Hof aus in ein paar Gehminuten erreichbar.<\/strong><\/h6>\t\t\t\t\t\t\t\t<\/div>\n\t\t\t\t<div class=\"elementor-element elementor-element-cffddf0 elementor-widget elementor-widget-google_maps\" data-id=\"cffddf0\" data-element_type=\"widget\" data-e-type=\"widget\" data-widget_type=\"google_maps.default\">\n\t\t\t\t\t\t\t<div class=\"elementor-custom-embed\">\n\t\t\t<iframe loading=\"lazy\"\n\t\t\t\t\tsrc=\"https:\/\/maps.google.com\/maps?q=Nigglerhof%2C%20Glor-Berg%203%2C%209981%20Kals%20am%20Gro%C3%9Fglockner&#038;t=m&#038;z=10&#038;output=embed&#038;iwloc=near\"\n\t\t\t\t\ttitle=\"Nigglerhof, Glor-Berg 3, 9981 Kals am Gro\u00dfglockner\"\n\t\t\t\t\taria-label=\"Nigglerhof, Glor-Berg 3, 9981 Kals am Gro\u00dfglockner\"\n\t\t\t><\/iframe>\n\t\t<\/div>\n\t\t\t\t\t\t<\/div>\n\t\t\t\t\t<\/div>\n\t\t\t\t<\/div>\n\t\t\t\t<\/div>\n\t\t","protected":false},"excerpt":{"rendered":"<p>So finden Sie uns! \u00a0 Anreise aus Deutschland:\u00a0M\u00fcnchen-Kufstein-St.Johann\/Tirol-Kitzb\u00fchel-Pass Thurn-Felbertauernstra\u00dfe-Matrei in Osttirol-Huben-Abzweigung nach Kals am Gro\u00dfglockner (M\u00fcnchen &#8211; Kals: ca. 220 km) Anreise aus \u00d6sterreich:\u00a0Wien-Salzburg-Zell am See-Felbertauernstra\u00dfe oder: Innsbruck-W\u00f6rgl-St.Johann i.T.-Kitzb\u00fchel-Pass Thurn- Mittersill-Felbertauernstra\u00dfe-Matrei i.O.-Huben-Kals am Gro\u00dfglockner\u00a0\u00a0oder: K\u00e4rnten-Lienz-Huben-Kals (Lienz &#8211; Kals: ca. 35 km) \u00a0 direkt neben unserem Hof steht Ihnen ein \u00f6ffentlicher Parkplatz zur Verf\u00fcgung. Sie k\u00f6nnen&#8230;<\/p>\n","protected":false},"author":1,"featured_media":0,"parent":0,"menu_order":0,"comment_status":"closed","ping_status":"closed","template":"","meta":{"_kadence_starter_templates_imported_post":false,"_kad_post_transparent":"","_kad_post_title":"","_kad_post_layout":"","_kad_post_sidebar_id":"","_kad_post_content_style":"","_kad_post_vertical_padding":"","_kad_post_feature":"","_kad_post_feature_position":"","_kad_post_header":false,"_kad_post_footer":false,"_kad_post_classname":"","footnotes":""},"class_list":["post-738","page","type-page","status-publish","hentry"],"_links":{"self":[{"href":"https:\/\/nigglerhof.com\/index.php?rest_route=\/wp\/v2\/pages\/738","targetHints":{"allow":["GET"]}}],"collection":[{"href":"https:\/\/nigglerhof.com\/index.php?rest_route=\/wp\/v2\/pages"}],"about":[{"href":"https:\/\/nigglerhof.com\/index.php?rest_route=\/wp\/v2\/types\/page"}],"author":[{"embeddable":true,"href":"https:\/\/nigglerhof.com\/index.php?rest_route=\/wp\/v2\/users\/1"}],"replies":[{"embeddable":true,"href":"https:\/\/nigglerhof.com\/index.php?rest_route=%2Fwp%2Fv2%2Fcomments&post=738"}],"version-history":[{"count":6,"href":"https:\/\/nigglerhof.com\/index.php?rest_route=\/wp\/v2\/pages\/738\/revisions"}],"predecessor-version":[{"id":797,"href":"https:\/\/nigglerhof.com\/index.php?rest_route=\/wp\/v2\/pages\/738\/revisions\/797"}],"wp:attachment":[{"href":"https:\/\/nigglerhof.com\/index.php?rest_route=%2Fwp%2Fv2%2Fmedia&parent=738"}],"curies":[{"name":"wp","href":"https:\/\/api.w.org\/{rel}","templated":true}]}}