{"id":757,"date":"2026-01-27T20:22:19","date_gmt":"2026-01-27T19:22:19","guid":{"rendered":"https:\/\/nigglerhof.com\/wordpress\/?page_id=757"},"modified":"2026-01-30T18:43:37","modified_gmt":"2026-01-30T17:43:37","slug":"ferienwohnung","status":"publish","type":"page","link":"https:\/\/nigglerhof.com\/?page_id=757","title":{"rendered":"Ferienwohnung"},"content":{"rendered":"\t\t<div data-elementor-type=\"wp-page\" data-elementor-id=\"757\" class=\"elementor elementor-757\">\n\t\t\t\t\t\t<section class=\"elementor-section elementor-top-section elementor-element elementor-element-f45512c elementor-section-boxed elementor-section-height-default elementor-section-height-default\" data-id=\"f45512c\" data-element_type=\"section\" data-e-type=\"section\">\n\t\t\t\t\t\t\t<div class=\"elementor-background-overlay\"><\/div>\n\t\t\t\t\t\t\t<div class=\"elementor-container elementor-column-gap-default\">\n\t\t\t\t\t<div class=\"elementor-column elementor-col-100 elementor-top-column elementor-element elementor-element-2451c0d\" data-id=\"2451c0d\" data-element_type=\"column\" data-e-type=\"column\">\n\t\t\t<div class=\"elementor-widget-wrap elementor-element-populated\">\n\t\t\t\t\t\t<div class=\"elementor-element elementor-element-8a7ab2b elementor-widget elementor-widget-heading\" data-id=\"8a7ab2b\" data-element_type=\"widget\" data-e-type=\"widget\" data-widget_type=\"heading.default\">\n\t\t\t\t\t<h1 class=\"elementor-heading-title elementor-size-default\">Ferienwohnung<\/h1>\t\t\t\t<\/div>\n\t\t\t\t<section class=\"elementor-section elementor-inner-section elementor-element elementor-element-7bd2c78 elementor-section-boxed elementor-section-height-default elementor-section-height-default\" data-id=\"7bd2c78\" data-element_type=\"section\" data-e-type=\"section\">\n\t\t\t\t\t\t<div class=\"elementor-container elementor-column-gap-default\">\n\t\t\t\t\t<div class=\"elementor-column elementor-col-100 elementor-inner-column elementor-element elementor-element-d7f32b0\" data-id=\"d7f32b0\" data-element_type=\"column\" data-e-type=\"column\">\n\t\t\t<div class=\"elementor-widget-wrap elementor-element-populated\">\n\t\t\t\t\t\t<div class=\"elementor-element elementor-element-741def2 elementor-widget elementor-widget-text-editor\" data-id=\"741def2\" data-element_type=\"widget\" data-e-type=\"widget\" data-widget_type=\"text-editor.default\">\n\t\t\t\t\t\t\t\t\t<p><strong>Unsere Ferienwohung liegt an der S\u00fcd-Ost-Seite des Hauses. Sie bietet Platz f\u00fcr 2-4 Personen und ist folgenderma\u00dfen ausgestattet:<\/strong><\/p><ul><li>Schlafzimmer mit Privatbalkon<\/li><li>Badezimmer (mit Dusche u. WC)<\/li><li>gro\u00dfer Wohnraum mit Schlafcouch<\/li><li>Ess-Ecke<\/li><li>voll ausgestattete K\u00fcchenzeile mit Kaffemaschine<\/li><li>K\u00fchlschrank mit Gefrierfach<\/li><li>Smart-TV und kostenloses WLAN.<\/li><\/ul>\t\t\t\t\t\t\t\t<\/div>\n\t\t\t\t\t<\/div>\n\t\t<\/div>\n\t\t\t\t\t<\/div>\n\t\t<\/section>\n\t\t\t\t\t<\/div>\n\t\t<\/div>\n\t\t\t\t\t<\/div>\n\t\t<\/section>\n\t\t\t\t<section class=\"elementor-section elementor-top-section elementor-element elementor-element-5ccb5fd elementor-section-boxed elementor-section-height-default elementor-section-height-default\" data-id=\"5ccb5fd\" data-element_type=\"section\" data-e-type=\"section\">\n\t\t\t\t\t\t\t<div class=\"elementor-background-overlay\"><\/div>\n\t\t\t\t\t\t\t<div class=\"elementor-container elementor-column-gap-default\">\n\t\t\t\t\t<div class=\"elementor-column elementor-col-100 elementor-top-column elementor-element elementor-element-8d78638\" data-id=\"8d78638\" data-element_type=\"column\" data-e-type=\"column\">\n\t\t\t<div class=\"elementor-widget-wrap elementor-element-populated\">\n\t\t\t\t\t\t<div class=\"elementor-element elementor-element-78d03cd elementor-widget elementor-widget-image\" data-id=\"78d03cd\" data-element_type=\"widget\" data-e-type=\"widget\" data-widget_type=\"image.default\">\n\t\t\t\t\t\t\t\t\t\t\t\t\t\t\t<img fetchpriority=\"high\" decoding=\"async\" width=\"1024\" height=\"576\" src=\"https:\/\/nigglerhof.com\/wordpress\/wp-content\/uploads\/2026\/01\/Wohnung_Sitzecke2-1024x576.jpg\" class=\"attachment-large size-large wp-image-879\" alt=\"\" srcset=\"https:\/\/nigglerhof.com\/wordpress\/wp-content\/uploads\/2026\/01\/Wohnung_Sitzecke2-1024x576.jpg 1024w, https:\/\/nigglerhof.com\/wordpress\/wp-content\/uploads\/2026\/01\/Wohnung_Sitzecke2-300x169.jpg 300w, https:\/\/nigglerhof.com\/wordpress\/wp-content\/uploads\/2026\/01\/Wohnung_Sitzecke2-768x432.jpg 768w, https:\/\/nigglerhof.com\/wordpress\/wp-content\/uploads\/2026\/01\/Wohnung_Sitzecke2-1536x864.jpg 1536w, https:\/\/nigglerhof.com\/wordpress\/wp-content\/uploads\/2026\/01\/Wohnung_Sitzecke2-2048x1153.jpg 2048w\" sizes=\"(max-width: 1024px) 100vw, 1024px\" \/>\t\t\t\t\t\t\t\t\t\t\t\t\t\t\t<\/div>\n\t\t\t\t\t<\/div>\n\t\t<\/div>\n\t\t\t\t\t<\/div>\n\t\t<\/section>\n\t\t\t\t<section class=\"elementor-section elementor-top-section elementor-element elementor-element-09bad62 elementor-section-boxed elementor-section-height-default elementor-section-height-default\" data-id=\"09bad62\" data-element_type=\"section\" data-e-type=\"section\">\n\t\t\t\t\t\t\t<div class=\"elementor-background-overlay\"><\/div>\n\t\t\t\t\t\t\t<div class=\"elementor-container elementor-column-gap-default\">\n\t\t\t\t\t<div class=\"elementor-column elementor-col-100 elementor-top-column elementor-element elementor-element-f719dcb\" data-id=\"f719dcb\" data-element_type=\"column\" data-e-type=\"column\">\n\t\t\t<div class=\"elementor-widget-wrap elementor-element-populated\">\n\t\t\t\t\t\t<div class=\"elementor-element elementor-element-714e2f0 elementor-widget elementor-widget-text-editor\" data-id=\"714e2f0\" data-element_type=\"widget\" data-e-type=\"widget\" data-widget_type=\"text-editor.default\">\n\t\t\t\t\t\t\t\t\t<p>Unsere liebevoll eingerichtete Ferienwohnung verbindet Gem\u00fctlichkeit mit praktischem Komfort und viel nat\u00fcrlichem Charme.<br>Der Wohnbereich ist gepr\u00e4gt von warmen Holzelementen, die eine besonders behagliche Atmosph\u00e4re schaffen. Eine ausziehbare Couch l\u00e4dt tags\u00fcber zum Entspannen ein und bietet bei Bedarf zus\u00e4tzliche Schlafm\u00f6glichkeiten. Ein LCD-TV sorgt zus\u00e4tzlich f\u00fcr Unterhaltung am Abend. Der sch\u00f6ne Esstisch mit gem\u00fctlicher Essecke ist ideal f\u00fcr gemeinsame Mahlzeiten oder einen Spieleabend.<br>Die kompakte Kleink\u00fcche ist funktional ausgestattet und bietet alles, was Sie f\u00fcr die Zubereitung kleiner Gerichte ben\u00f6tigen.<br>Das separate Schlafzimmer mit holzget\u00e4felten W\u00e4nden sorgt f\u00fcr ein nat\u00fcrliches, ruhiges Ambiente und einen erholsamen Schlaf \u2013 hier f\u00fchlt man sich fast wie in einer gem\u00fctlichen Bergh\u00fctte.<br>Das Badezimmer verf\u00fcgt \u00fcber Dusche und WC und ist praktisch und gepflegt eingerichtet.<br>Insgesamt erwartet Sie eine Unterkunft mit viel Holz, W\u00e4rme und Wohlf\u00fchlcharakter \u2013 perfekt f\u00fcr entspannte Urlaubstage.<\/p>\t\t\t\t\t\t\t\t<\/div>\n\t\t\t\t\t<\/div>\n\t\t<\/div>\n\t\t\t\t\t<\/div>\n\t\t<\/section>\n\t\t\t\t<section class=\"elementor-section elementor-top-section elementor-element elementor-element-db2900b elementor-section-boxed elementor-section-height-default elementor-section-height-default\" data-id=\"db2900b\" data-element_type=\"section\" data-e-type=\"section\" data-settings=\"{&quot;background_background&quot;:&quot;classic&quot;}\">\n\t\t\t\t\t\t<div class=\"elementor-container elementor-column-gap-default\">\n\t\t\t\t\t<div class=\"elementor-column elementor-col-100 elementor-top-column elementor-element elementor-element-9968102\" data-id=\"9968102\" data-element_type=\"column\" data-e-type=\"column\">\n\t\t\t<div class=\"elementor-widget-wrap elementor-element-populated\">\n\t\t\t\t\t\t<section class=\"elementor-section elementor-inner-section elementor-element elementor-element-56b7758 elementor-section-boxed elementor-section-height-default elementor-section-height-default\" data-id=\"56b7758\" data-element_type=\"section\" data-e-type=\"section\">\n\t\t\t\t\t\t<div class=\"elementor-container elementor-column-gap-default\">\n\t\t\t\t\t<div class=\"elementor-column elementor-col-100 elementor-inner-column elementor-element elementor-element-381c26c\" data-id=\"381c26c\" data-element_type=\"column\" data-e-type=\"column\">\n\t\t\t<div class=\"elementor-widget-wrap elementor-element-populated\">\n\t\t\t\t\t\t<div class=\"elementor-element elementor-element-92a3ecb elementor-widget elementor-widget-heading\" data-id=\"92a3ecb\" data-element_type=\"widget\" data-e-type=\"widget\" data-widget_type=\"heading.default\">\n\t\t\t\t\t<h2 class=\"elementor-heading-title elementor-size-default\">...weitere Bilder der Ferienwohnung<\/h2>\t\t\t\t<\/div>\n\t\t\t\t\t<\/div>\n\t\t<\/div>\n\t\t\t\t\t<\/div>\n\t\t<\/section>\n\t\t\t\t<div class=\"elementor-element elementor-element-faf79f7 gallery-spacing-custom elementor-widget elementor-widget-image-gallery\" data-id=\"faf79f7\" data-element_type=\"widget\" data-e-type=\"widget\" data-widget_type=\"image-gallery.default\">\n\t\t\t\t\t\t\t<div class=\"elementor-image-gallery\">\n\t\t\t<div id='gallery-1' class='gallery galleryid-757 gallery-columns-3 gallery-size-full'><figure class='gallery-item'>\n\t\t\t<div class='gallery-icon landscape'>\n\t\t\t\t<a data-elementor-open-lightbox=\"yes\" data-elementor-lightbox-slideshow=\"faf79f7\" data-elementor-lightbox-title=\"Wohnung_Sitzecke\" data-e-action-hash=\"#elementor-action%3Aaction%3Dlightbox%26settings%3DeyJpZCI6ODkzLCJ1cmwiOiJodHRwczpcL1wvbmlnZ2xlcmhvZi5jb21cL3dvcmRwcmVzc1wvd3AtY29udGVudFwvdXBsb2Fkc1wvMjAyNlwvMDFcL1dvaG51bmdfU2l0emVja2UtMS5qcGciLCJzbGlkZXNob3ciOiJmYWY3OWY3In0%3D\" href='https:\/\/nigglerhof.com\/wordpress\/wp-content\/uploads\/2026\/01\/Wohnung_Sitzecke-1.jpg'><img decoding=\"async\" width=\"2448\" height=\"1377\" src=\"https:\/\/nigglerhof.com\/wordpress\/wp-content\/uploads\/2026\/01\/Wohnung_Sitzecke-1.jpg\" class=\"attachment-full size-full\" alt=\"\" srcset=\"https:\/\/nigglerhof.com\/wordpress\/wp-content\/uploads\/2026\/01\/Wohnung_Sitzecke-1.jpg 2448w, https:\/\/nigglerhof.com\/wordpress\/wp-content\/uploads\/2026\/01\/Wohnung_Sitzecke-1-300x169.jpg 300w, https:\/\/nigglerhof.com\/wordpress\/wp-content\/uploads\/2026\/01\/Wohnung_Sitzecke-1-1024x576.jpg 1024w, https:\/\/nigglerhof.com\/wordpress\/wp-content\/uploads\/2026\/01\/Wohnung_Sitzecke-1-768x432.jpg 768w, https:\/\/nigglerhof.com\/wordpress\/wp-content\/uploads\/2026\/01\/Wohnung_Sitzecke-1-1536x864.jpg 1536w, https:\/\/nigglerhof.com\/wordpress\/wp-content\/uploads\/2026\/01\/Wohnung_Sitzecke-1-2048x1152.jpg 2048w\" sizes=\"(max-width: 2448px) 100vw, 2448px\" \/><\/a>\n\t\t\t<\/div><\/figure><figure class='gallery-item'>\n\t\t\t<div class='gallery-icon landscape'>\n\t\t\t\t<a data-elementor-open-lightbox=\"yes\" data-elementor-lightbox-slideshow=\"faf79f7\" data-elementor-lightbox-title=\"Wohnung_gesamt\" data-e-action-hash=\"#elementor-action%3Aaction%3Dlightbox%26settings%3DeyJpZCI6ODg4LCJ1cmwiOiJodHRwczpcL1wvbmlnZ2xlcmhvZi5jb21cL3dvcmRwcmVzc1wvd3AtY29udGVudFwvdXBsb2Fkc1wvMjAyNlwvMDFcL1dvaG51bmdfZ2VzYW10LTEuanBnIiwic2xpZGVzaG93IjoiZmFmNzlmNyJ9\" href='https:\/\/nigglerhof.com\/wordpress\/wp-content\/uploads\/2026\/01\/Wohnung_gesamt-1.jpg'><img decoding=\"async\" width=\"2448\" height=\"1377\" src=\"https:\/\/nigglerhof.com\/wordpress\/wp-content\/uploads\/2026\/01\/Wohnung_gesamt-1.jpg\" class=\"attachment-full size-full\" alt=\"\" srcset=\"https:\/\/nigglerhof.com\/wordpress\/wp-content\/uploads\/2026\/01\/Wohnung_gesamt-1.jpg 2448w, https:\/\/nigglerhof.com\/wordpress\/wp-content\/uploads\/2026\/01\/Wohnung_gesamt-1-300x169.jpg 300w, https:\/\/nigglerhof.com\/wordpress\/wp-content\/uploads\/2026\/01\/Wohnung_gesamt-1-1024x576.jpg 1024w, https:\/\/nigglerhof.com\/wordpress\/wp-content\/uploads\/2026\/01\/Wohnung_gesamt-1-768x432.jpg 768w, https:\/\/nigglerhof.com\/wordpress\/wp-content\/uploads\/2026\/01\/Wohnung_gesamt-1-1536x864.jpg 1536w, https:\/\/nigglerhof.com\/wordpress\/wp-content\/uploads\/2026\/01\/Wohnung_gesamt-1-2048x1152.jpg 2048w\" sizes=\"(max-width: 2448px) 100vw, 2448px\" \/><\/a>\n\t\t\t<\/div><\/figure><figure class='gallery-item'>\n\t\t\t<div class='gallery-icon landscape'>\n\t\t\t\t<a data-elementor-open-lightbox=\"yes\" data-elementor-lightbox-slideshow=\"faf79f7\" data-elementor-lightbox-title=\"Wohnung_K\u00fcchenzeile\" data-e-action-hash=\"#elementor-action%3Aaction%3Dlightbox%26settings%3DeyJpZCI6ODg5LCJ1cmwiOiJodHRwczpcL1wvbmlnZ2xlcmhvZi5jb21cL3dvcmRwcmVzc1wvd3AtY29udGVudFwvdXBsb2Fkc1wvMjAyNlwvMDFcL1dvaG51bmdfS3VlY2hlbnplaWxlLTEtc2NhbGVkLmpwZyIsInNsaWRlc2hvdyI6ImZhZjc5ZjcifQ%3D%3D\" href='https:\/\/nigglerhof.com\/wordpress\/wp-content\/uploads\/2026\/01\/Wohnung_Kuechenzeile-1-scaled.jpg'><img loading=\"lazy\" decoding=\"async\" width=\"2560\" height=\"1441\" src=\"https:\/\/nigglerhof.com\/wordpress\/wp-content\/uploads\/2026\/01\/Wohnung_Kuechenzeile-1-scaled.jpg\" class=\"attachment-full size-full\" alt=\"\" srcset=\"https:\/\/nigglerhof.com\/wordpress\/wp-content\/uploads\/2026\/01\/Wohnung_Kuechenzeile-1-scaled.jpg 2560w, https:\/\/nigglerhof.com\/wordpress\/wp-content\/uploads\/2026\/01\/Wohnung_Kuechenzeile-1-300x169.jpg 300w, https:\/\/nigglerhof.com\/wordpress\/wp-content\/uploads\/2026\/01\/Wohnung_Kuechenzeile-1-1024x576.jpg 1024w, https:\/\/nigglerhof.com\/wordpress\/wp-content\/uploads\/2026\/01\/Wohnung_Kuechenzeile-1-768x432.jpg 768w, https:\/\/nigglerhof.com\/wordpress\/wp-content\/uploads\/2026\/01\/Wohnung_Kuechenzeile-1-1536x864.jpg 1536w, https:\/\/nigglerhof.com\/wordpress\/wp-content\/uploads\/2026\/01\/Wohnung_Kuechenzeile-1-2048x1153.jpg 2048w\" sizes=\"(max-width: 2560px) 100vw, 2560px\" \/><\/a>\n\t\t\t<\/div><\/figure><figure class='gallery-item'>\n\t\t\t<div class='gallery-icon landscape'>\n\t\t\t\t<a data-elementor-open-lightbox=\"yes\" data-elementor-lightbox-slideshow=\"faf79f7\" data-elementor-lightbox-title=\"Wohnung_K\u00fcchenzeile_Couch\" data-e-action-hash=\"#elementor-action%3Aaction%3Dlightbox%26settings%3DeyJpZCI6ODkwLCJ1cmwiOiJodHRwczpcL1wvbmlnZ2xlcmhvZi5jb21cL3dvcmRwcmVzc1wvd3AtY29udGVudFwvdXBsb2Fkc1wvMjAyNlwvMDFcL1dvaG51bmdfS3VlY2hlbnplaWxlX0NvdWNoLTEuanBnIiwic2xpZGVzaG93IjoiZmFmNzlmNyJ9\" href='https:\/\/nigglerhof.com\/wordpress\/wp-content\/uploads\/2026\/01\/Wohnung_Kuechenzeile_Couch-1.jpg'><img loading=\"lazy\" decoding=\"async\" width=\"2448\" height=\"1377\" src=\"https:\/\/nigglerhof.com\/wordpress\/wp-content\/uploads\/2026\/01\/Wohnung_Kuechenzeile_Couch-1.jpg\" class=\"attachment-full size-full\" alt=\"\" srcset=\"https:\/\/nigglerhof.com\/wordpress\/wp-content\/uploads\/2026\/01\/Wohnung_Kuechenzeile_Couch-1.jpg 2448w, https:\/\/nigglerhof.com\/wordpress\/wp-content\/uploads\/2026\/01\/Wohnung_Kuechenzeile_Couch-1-300x169.jpg 300w, https:\/\/nigglerhof.com\/wordpress\/wp-content\/uploads\/2026\/01\/Wohnung_Kuechenzeile_Couch-1-1024x576.jpg 1024w, https:\/\/nigglerhof.com\/wordpress\/wp-content\/uploads\/2026\/01\/Wohnung_Kuechenzeile_Couch-1-768x432.jpg 768w, https:\/\/nigglerhof.com\/wordpress\/wp-content\/uploads\/2026\/01\/Wohnung_Kuechenzeile_Couch-1-1536x864.jpg 1536w, https:\/\/nigglerhof.com\/wordpress\/wp-content\/uploads\/2026\/01\/Wohnung_Kuechenzeile_Couch-1-2048x1152.jpg 2048w\" sizes=\"(max-width: 2448px) 100vw, 2448px\" \/><\/a>\n\t\t\t<\/div><\/figure><figure class='gallery-item'>\n\t\t\t<div class='gallery-icon landscape'>\n\t\t\t\t<a data-elementor-open-lightbox=\"yes\" data-elementor-lightbox-slideshow=\"faf79f7\" data-elementor-lightbox-title=\"Wohnung_Schlafzimmer\" data-e-action-hash=\"#elementor-action%3Aaction%3Dlightbox%26settings%3DeyJpZCI6ODkxLCJ1cmwiOiJodHRwczpcL1wvbmlnZ2xlcmhvZi5jb21cL3dvcmRwcmVzc1wvd3AtY29udGVudFwvdXBsb2Fkc1wvMjAyNlwvMDFcL1dvaG51bmdfU2NobGFmemltbWVyLTEuanBnIiwic2xpZGVzaG93IjoiZmFmNzlmNyJ9\" href='https:\/\/nigglerhof.com\/wordpress\/wp-content\/uploads\/2026\/01\/Wohnung_Schlafzimmer-1.jpg'><img loading=\"lazy\" decoding=\"async\" width=\"2448\" height=\"1377\" src=\"https:\/\/nigglerhof.com\/wordpress\/wp-content\/uploads\/2026\/01\/Wohnung_Schlafzimmer-1.jpg\" class=\"attachment-full size-full\" alt=\"\" srcset=\"https:\/\/nigglerhof.com\/wordpress\/wp-content\/uploads\/2026\/01\/Wohnung_Schlafzimmer-1.jpg 2448w, https:\/\/nigglerhof.com\/wordpress\/wp-content\/uploads\/2026\/01\/Wohnung_Schlafzimmer-1-300x169.jpg 300w, https:\/\/nigglerhof.com\/wordpress\/wp-content\/uploads\/2026\/01\/Wohnung_Schlafzimmer-1-1024x576.jpg 1024w, https:\/\/nigglerhof.com\/wordpress\/wp-content\/uploads\/2026\/01\/Wohnung_Schlafzimmer-1-768x432.jpg 768w, https:\/\/nigglerhof.com\/wordpress\/wp-content\/uploads\/2026\/01\/Wohnung_Schlafzimmer-1-1536x864.jpg 1536w, https:\/\/nigglerhof.com\/wordpress\/wp-content\/uploads\/2026\/01\/Wohnung_Schlafzimmer-1-2048x1152.jpg 2048w\" sizes=\"(max-width: 2448px) 100vw, 2448px\" \/><\/a>\n\t\t\t<\/div><\/figure><figure class='gallery-item'>\n\t\t\t<div class='gallery-icon landscape'>\n\t\t\t\t<a data-elementor-open-lightbox=\"yes\" data-elementor-lightbox-slideshow=\"faf79f7\" data-elementor-lightbox-title=\"Wohnung_Schlafzimmer2\" data-e-action-hash=\"#elementor-action%3Aaction%3Dlightbox%26settings%3DeyJpZCI6ODkyLCJ1cmwiOiJodHRwczpcL1wvbmlnZ2xlcmhvZi5jb21cL3dvcmRwcmVzc1wvd3AtY29udGVudFwvdXBsb2Fkc1wvMjAyNlwvMDFcL1dvaG51bmdfU2NobGFmemltbWVyMi0xLXNjYWxlZC5qcGciLCJzbGlkZXNob3ciOiJmYWY3OWY3In0%3D\" href='https:\/\/nigglerhof.com\/wordpress\/wp-content\/uploads\/2026\/01\/Wohnung_Schlafzimmer2-1-scaled.jpg'><img loading=\"lazy\" decoding=\"async\" width=\"2560\" height=\"1441\" src=\"https:\/\/nigglerhof.com\/wordpress\/wp-content\/uploads\/2026\/01\/Wohnung_Schlafzimmer2-1-scaled.jpg\" class=\"attachment-full size-full\" alt=\"\" srcset=\"https:\/\/nigglerhof.com\/wordpress\/wp-content\/uploads\/2026\/01\/Wohnung_Schlafzimmer2-1-scaled.jpg 2560w, https:\/\/nigglerhof.com\/wordpress\/wp-content\/uploads\/2026\/01\/Wohnung_Schlafzimmer2-1-300x169.jpg 300w, https:\/\/nigglerhof.com\/wordpress\/wp-content\/uploads\/2026\/01\/Wohnung_Schlafzimmer2-1-1024x576.jpg 1024w, https:\/\/nigglerhof.com\/wordpress\/wp-content\/uploads\/2026\/01\/Wohnung_Schlafzimmer2-1-768x432.jpg 768w, https:\/\/nigglerhof.com\/wordpress\/wp-content\/uploads\/2026\/01\/Wohnung_Schlafzimmer2-1-1536x864.jpg 1536w, https:\/\/nigglerhof.com\/wordpress\/wp-content\/uploads\/2026\/01\/Wohnung_Schlafzimmer2-1-2048x1153.jpg 2048w\" sizes=\"(max-width: 2560px) 100vw, 2560px\" \/><\/a>\n\t\t\t<\/div><\/figure>\n\t\t<\/div>\n\t\t<\/div>\n\t\t\t\t\t\t<\/div>\n\t\t\t\t\t<\/div>\n\t\t<\/div>\n\t\t\t\t\t<\/div>\n\t\t<\/section>\n\t\t\t\t<\/div>\n\t\t","protected":false},"excerpt":{"rendered":"<p>Ferienwohnung Unsere Ferienwohung liegt an der S\u00fcd-Ost-Seite des Hauses. Sie bietet Platz f\u00fcr 2-4 Personen und ist folgenderma\u00dfen ausgestattet: Schlafzimmer mit Privatbalkon Badezimmer (mit Dusche u. WC) gro\u00dfer Wohnraum mit Schlafcouch Ess-Ecke voll ausgestattete K\u00fcchenzeile mit Kaffemaschine K\u00fchlschrank mit Gefrierfach Smart-TV und kostenloses WLAN. Unsere liebevoll eingerichtete Ferienwohnung verbindet Gem\u00fctlichkeit mit praktischem Komfort und viel&#8230;<\/p>\n","protected":false},"author":1,"featured_media":0,"parent":0,"menu_order":0,"comment_status":"closed","ping_status":"closed","template":"","meta":{"_kadence_starter_templates_imported_post":true,"_kad_post_transparent":"","_kad_post_title":"hide","_kad_post_layout":"fullwidth","_kad_post_sidebar_id":"","_kad_post_content_style":"unboxed","_kad_post_vertical_padding":"hide","_kad_post_feature":"hide","_kad_post_feature_position":"","_kad_post_header":false,"_kad_post_footer":false,"_kad_post_classname":"","footnotes":""},"class_list":["post-757","page","type-page","status-publish","hentry"],"_links":{"self":[{"href":"https:\/\/nigglerhof.com\/index.php?rest_route=\/wp\/v2\/pages\/757","targetHints":{"allow":["GET"]}}],"collection":[{"href":"https:\/\/nigglerhof.com\/index.php?rest_route=\/wp\/v2\/pages"}],"about":[{"href":"https:\/\/nigglerhof.com\/index.php?rest_route=\/wp\/v2\/types\/page"}],"author":[{"embeddable":true,"href":"https:\/\/nigglerhof.com\/index.php?rest_route=\/wp\/v2\/users\/1"}],"replies":[{"embeddable":true,"href":"https:\/\/nigglerhof.com\/index.php?rest_route=%2Fwp%2Fv2%2Fcomments&post=757"}],"version-history":[{"count":28,"href":"https:\/\/nigglerhof.com\/index.php?rest_route=\/wp\/v2\/pages\/757\/revisions"}],"predecessor-version":[{"id":904,"href":"https:\/\/nigglerhof.com\/index.php?rest_route=\/wp\/v2\/pages\/757\/revisions\/904"}],"wp:attachment":[{"href":"https:\/\/nigglerhof.com\/index.php?rest_route=%2Fwp%2Fv2%2Fmedia&parent=757"}],"curies":[{"name":"wp","href":"https:\/\/api.w.org\/{rel}","templated":true}]}}